{"id":965,"date":"2019-02-12T15:02:22","date_gmt":"2019-02-12T14:02:22","guid":{"rendered":"https:\/\/www.lecalandrine.it\/it\/?page_id=965"},"modified":"2019-02-28T09:15:38","modified_gmt":"2019-02-28T08:15:38","slug":"le-sale","status":"publish","type":"page","link":"https:\/\/www.lecalandrine.it\/it\/le-sale\/","title":{"rendered":"Le Sale"},"content":{"rendered":"\n<div class=\"wp-block-columns has-2-columns is-layout-flex wp-container-core-columns-is-layout-9d6595d7 wp-block-columns-is-layout-flex\">\n<div class=\"wp-block-column is-layout-flow wp-block-column-is-layout-flow\">\n<p class=\"has-large-font-size\"><strong>Il calore dell\u2019ospitalit\u00e0<\/strong><\/p>\n\n\n\n<p class=\"has-medium-font-size\">Ci\u00f2 che si respira quando si entra nel Ristorante Le Calandrine \u00e8 lo spirito dell\u2019accoglienza, dove si conversa e ci si rilassa, in attesa di un pranzo e una cena, oppure si trascorre piacevolmente una preziosa pausa.<\/p>\n\n\n\n<p class=\"has-medium-font-size\">\nLa sala delle stelle, la sala dell\u2019energia, l\u2019enoteca, tutte  \nambientazioni dove immergersi in un atmosfera densa di invitanti  \nsensazioni \n\n<\/p>\n<\/div>\n\n\n\n<div class=\"wp-block-column is-layout-flow wp-block-column-is-layout-flow\">\n<figure class=\"wp-block-image\"><img loading=\"lazy\" decoding=\"async\" width=\"830\" height=\"538\" src=\"https:\/\/www.lecalandrine.it\/it\/wp-content\/uploads\/2019\/02\/ccf.17-ser.-2-830x538.jpg\" alt=\"\" class=\"wp-image-1075\"\/><\/figure>\n<\/div>\n<\/div>\n\n\n\n<ul class=\"wp-block-gallery columns-3 is-cropped wp-block-gallery-1 is-layout-flex wp-block-gallery-is-layout-flex\"><li class=\"blocks-gallery-item\"><figure><img loading=\"lazy\" decoding=\"async\" width=\"830\" height=\"553\" src=\"https:\/\/www.lecalandrine.it\/it\/wp-content\/uploads\/2019\/02\/foto-10-830x553.jpg\" alt=\"\" data-id=\"1111\" data-link=\"https:\/\/www.lecalandrine.it\/it\/il-ristorante__trashed\/foto-10\/\" class=\"wp-image-1111\"\/><\/figure><\/li><li class=\"blocks-gallery-item\"><figure><img loading=\"lazy\" decoding=\"async\" width=\"830\" height=\"553\" src=\"https:\/\/www.lecalandrine.it\/it\/wp-content\/uploads\/2019\/02\/foto-11bis-830x553.jpg\" alt=\"\" data-id=\"1112\" data-link=\"https:\/\/www.lecalandrine.it\/it\/il-ristorante__trashed\/foto-11bis\/\" class=\"wp-image-1112\"\/><\/figure><\/li><li class=\"blocks-gallery-item\"><figure><img loading=\"lazy\" decoding=\"async\" width=\"830\" height=\"553\" src=\"https:\/\/www.lecalandrine.it\/it\/wp-content\/uploads\/2019\/02\/foto-13-3-830x553.jpg\" alt=\"\" data-id=\"1181\" data-link=\"https:\/\/www.lecalandrine.it\/it\/il-ristorante__trashed\/le-sale\/foto-13-4\/\" class=\"wp-image-1181\"\/><\/figure><\/li><li class=\"blocks-gallery-item\"><figure><img loading=\"lazy\" decoding=\"async\" width=\"830\" height=\"553\" src=\"https:\/\/www.lecalandrine.it\/it\/wp-content\/uploads\/2019\/02\/foto-14-1-830x553.jpg\" alt=\"\" data-id=\"1182\" data-link=\"https:\/\/www.lecalandrine.it\/it\/il-ristorante__trashed\/le-sale\/foto-14-2\/\" class=\"wp-image-1182\"\/><\/figure><\/li><li class=\"blocks-gallery-item\"><figure><img loading=\"lazy\" decoding=\"async\" width=\"830\" height=\"623\" src=\"https:\/\/www.lecalandrine.it\/it\/wp-content\/uploads\/2019\/02\/foto-15-bis-1-830x623.jpg\" alt=\"\" data-id=\"1183\" data-link=\"https:\/\/www.lecalandrine.it\/it\/il-ristorante__trashed\/le-sale\/foto-15-bis-2\/\" class=\"wp-image-1183\"\/><\/figure><\/li><li class=\"blocks-gallery-item\"><figure><img loading=\"lazy\" decoding=\"async\" width=\"830\" height=\"553\" src=\"https:\/\/www.lecalandrine.it\/it\/wp-content\/uploads\/2019\/02\/foto-giardino-1-1-830x553.jpg\" alt=\"\" data-id=\"1184\" data-link=\"https:\/\/www.lecalandrine.it\/it\/il-ristorante__trashed\/le-sale\/foto-giardino-1-2\/\" class=\"wp-image-1184\"\/><\/figure><\/li><li class=\"blocks-gallery-item\"><figure><img loading=\"lazy\" decoding=\"async\" width=\"830\" height=\"551\" src=\"https:\/\/www.lecalandrine.it\/it\/wp-content\/uploads\/2019\/02\/foto-giardino-2-1-830x551.jpg\" alt=\"\" data-id=\"1185\" data-link=\"https:\/\/www.lecalandrine.it\/it\/il-ristorante__trashed\/le-sale\/foto-giardino-2-2\/\" class=\"wp-image-1185\"\/><\/figure><\/li><\/ul>\n","protected":false},"excerpt":{"rendered":"<p>Il calore dell\u2019ospitalit\u00e0 Ci\u00f2 che si respira quando si entra nel Ristorante Le Calandrine \u00e8 lo spirito dell\u2019accoglienza, dove si conversa e ci si rilassa, in attesa di un pranzo&#8230;<\/p>\n","protected":false},"author":1,"featured_media":0,"parent":0,"menu_order":0,"comment_status":"closed","ping_status":"closed","template":"","meta":{"footnotes":""},"class_list":["post-965","page","type-page","status-publish","hentry"],"_links":{"self":[{"href":"https:\/\/www.lecalandrine.it\/it\/wp-json\/wp\/v2\/pages\/965","targetHints":{"allow":["GET"]}}],"collection":[{"href":"https:\/\/www.lecalandrine.it\/it\/wp-json\/wp\/v2\/pages"}],"about":[{"href":"https:\/\/www.lecalandrine.it\/it\/wp-json\/wp\/v2\/types\/page"}],"author":[{"embeddable":true,"href":"https:\/\/www.lecalandrine.it\/it\/wp-json\/wp\/v2\/users\/1"}],"replies":[{"embeddable":true,"href":"https:\/\/www.lecalandrine.it\/it\/wp-json\/wp\/v2\/comments?post=965"}],"version-history":[{"count":11,"href":"https:\/\/www.lecalandrine.it\/it\/wp-json\/wp\/v2\/pages\/965\/revisions"}],"predecessor-version":[{"id":1221,"href":"https:\/\/www.lecalandrine.it\/it\/wp-json\/wp\/v2\/pages\/965\/revisions\/1221"}],"wp:attachment":[{"href":"https:\/\/www.lecalandrine.it\/it\/wp-json\/wp\/v2\/media?parent=965"}],"curies":[{"name":"wp","href":"https:\/\/api.w.org\/{rel}","templated":true}]}}